{"id":904,"date":"2025-12-03T23:10:25","date_gmt":"2025-12-03T22:10:25","guid":{"rendered":"https:\/\/nickcross.es\/?page_id=904"},"modified":"2025-12-03T23:44:38","modified_gmt":"2025-12-03T22:44:38","slug":"declaracion-de-accesibilidad","status":"publish","type":"page","link":"https:\/\/nickcross.es\/en\/declaracion-de-accesibilidad\/","title":{"rendered":"Declaraci\u00f3n de accesibilidad"},"content":{"rendered":"<div data-elementor-type=\"wp-page\" data-elementor-id=\"904\" class=\"elementor elementor-904\" data-elementor-post-type=\"page\">\n\t\t\t\t<div class=\"elementor-element elementor-element-6802f49a e-flex e-con-boxed e-con e-parent\" data-id=\"6802f49a\" data-element_type=\"container\" data-settings=\"{&quot;jet_parallax_layout_list&quot;:[]}\">\n\t\t\t\t\t<div class=\"e-con-inner\">\n\t\t\t\t<div class=\"elementor-element elementor-element-432baa9 elementor-widget elementor-widget-text-editor\" data-id=\"432baa9\" data-element_type=\"widget\" data-widget_type=\"text-editor.default\">\n\t\t\t\t\t\t\t\t\t<section class=\"declaracion-accesibilidad\">\n  <h2>Declaraci\u00f3n de accesibilidad<\/h2>\n\n  <p>Este sitio web es accesible.<\/p>\n\n  <p>\n    El sitio web de <strong>Nicholas Thomas CROSS (Consulta de Psicologia Sanit\u00e0ria)<\/strong>\n    ha sido dise\u00f1ado y programado siguiendo las pautas de la iniciativa\n    <strong>WCAG 2.0 (Web Content Accessibility Guidelines 2.0)<\/strong>, que establece\n    est\u00e1ndares internacionales para la creaci\u00f3n de contenidos web accesibles para todas las personas.\n  <\/p>\n\n  <p><strong>Nivel de conformidad alcanzado:<\/strong> nivel <strong>AA<\/strong> de conformidad.<\/p>\n\n  <h3>Compatibilidad con est\u00e1ndares<\/h3>\n  <ul>\n    <li>HTML5<\/li>\n    <li>CSS<\/li>\n    <li>WCAG 2.0 \u2013 Nivel AA<\/li>\n  <\/ul>\n\n  <h3>Aviso<\/h3>\n  <p>\n    Si se detecta alguna dificultad al acceder o visualizar la informaci\u00f3n de este sitio web,\n    o si se desea realizar alguna sugerencia para mejorar la accesibilidad, puede dirigirse\n    al siguiente correo electr\u00f3nico de contacto:\n  <\/p>\n  <p>\n    <a href=\"mailto:info@nick.cross\">info@nick.cross<\/a>\n  <\/p>\n<\/section>\n\t\t\t\t\t\t\t\t<\/div>\n\t\t\t\t\t<\/div>\n\t\t\t\t<\/div>\n\t\t\t\t<\/div>","protected":false},"excerpt":{"rendered":"<p>Declaraci\u00f3n de accesibilidad Este sitio web es accesible. El sitio web de Nicholas Thomas CROSS (Consulta de Psicologia Sanit\u00e0ria) ha sido dise\u00f1ado y programado siguiendo las pautas de la iniciativa WCAG 2.0 (Web Content Accessibility Guidelines 2.0), que establece est\u00e1ndares internacionales para la creaci\u00f3n de contenidos web accesibles para todas las personas. Nivel de conformidad [&hellip;]<\/p>","protected":false},"author":1,"featured_media":0,"parent":0,"menu_order":0,"comment_status":"closed","ping_status":"closed","template":"","meta":{"_acf_changed":false,"footnotes":""},"class_list":["post-904","page","type-page","status-publish","hentry"],"acf":[],"_links":{"self":[{"href":"https:\/\/nickcross.es\/en\/wp-json\/wp\/v2\/pages\/904","targetHints":{"allow":["GET"]}}],"collection":[{"href":"https:\/\/nickcross.es\/en\/wp-json\/wp\/v2\/pages"}],"about":[{"href":"https:\/\/nickcross.es\/en\/wp-json\/wp\/v2\/types\/page"}],"author":[{"embeddable":true,"href":"https:\/\/nickcross.es\/en\/wp-json\/wp\/v2\/users\/1"}],"replies":[{"embeddable":true,"href":"https:\/\/nickcross.es\/en\/wp-json\/wp\/v2\/comments?post=904"}],"version-history":[{"count":6,"href":"https:\/\/nickcross.es\/en\/wp-json\/wp\/v2\/pages\/904\/revisions"}],"predecessor-version":[{"id":910,"href":"https:\/\/nickcross.es\/en\/wp-json\/wp\/v2\/pages\/904\/revisions\/910"}],"wp:attachment":[{"href":"https:\/\/nickcross.es\/en\/wp-json\/wp\/v2\/media?parent=904"}],"curies":[{"name":"wp","href":"https:\/\/api.w.org\/{rel}","templated":true}]}}