{"id":772,"date":"2025-11-16T19:56:47","date_gmt":"2025-11-16T18:56:47","guid":{"rendered":"https:\/\/nickcross.es\/?page_id=772"},"modified":"2025-11-16T21:33:29","modified_gmt":"2025-11-16T20:33:29","slug":"aviso-legal","status":"publish","type":"page","link":"https:\/\/nickcross.es\/en\/aviso-legal\/","title":{"rendered":"Legal Notice"},"content":{"rendered":"<div data-elementor-type=\"wp-page\" data-elementor-id=\"772\" class=\"elementor elementor-772\" data-elementor-post-type=\"page\">\n\t\t\t\t<div class=\"elementor-element elementor-element-301705bd e-flex e-con-boxed e-con e-parent\" data-id=\"301705bd\" data-element_type=\"container\" data-settings=\"{&quot;jet_parallax_layout_list&quot;:[]}\">\n\t\t\t\t\t<div class=\"e-con-inner\">\n\t\t\t\t<div class=\"elementor-element elementor-element-3b4f7bd2 elementor-widget elementor-widget-shortcode\" data-id=\"3b4f7bd2\" data-element_type=\"widget\" data-widget_type=\"shortcode.default\">\n\t\t\t\t\t\t\t<div class=\"elementor-shortcode\"><h3>I. INFORMACI\u00d3N GENERAL<\/h3>\n<p>\n  En cumplimiento con el deber de informaci\u00f3n dispuesto en la \n  <a href=\"https:\/\/www.boe.es\/eli\/es\/l\/2002\/07\/11\/34\/con\" target=\"_blank\" rel=\"noopener\">\n    Ley 34\/2002 de Servicios de la Sociedad de la Informaci\u00f3n y el Comercio Electr\u00f3nico (LSSI-CE)\n  <\/a>,\n  se facilitan a continuaci\u00f3n los siguientes datos de informaci\u00f3n general de este sitio web:\n<\/p>\n<p>\n  La titularidad de este sitio web (en adelante, Sitio Web) la ostenta:\n  <strong>Nicholas Thomas CROSS (Consulta de Psicologia Sanit\u00e0ria)<\/strong>,\n  con NIF <strong>X0917127W<\/strong>, y cuyos datos de contacto son:\n<\/p>\n<ul>\n  <li>Direcci\u00f3n: Pla\u00e7a Gal\u00b7la Plac\u00eddia 8-10, 4\u00ba 2\u00aa, 08006 Barcelona (Barcelona)<\/li>\n  <li>Email: <a href=\"mailto:info@nick.cross\">info@nick.cross<\/a><\/li>\n<\/ul>\n\n<h3>II. T\u00c9RMINOS Y CONDICIONES GENERALES DE USO<\/h3>\n<p>\n  El objeto de las presentes Condiciones Generales de Uso (en adelante, Condiciones) es regular\n  el acceso y la utilizaci\u00f3n del Sitio Web, su estructura de navegaci\u00f3n, los elementos integrados\n  en sus interfaces (en adelante, Contenidos) y los servicios o recursos en l\u00ednea que pueda ofrecer\n  (en adelante, Servicios).\n<\/p>\n<p>\n  Nicholas Thomas CROSS se reserva la facultad de modificar, en cualquier momento y sin aviso previo,\n  la presentaci\u00f3n y configuraci\u00f3n del Sitio Web, as\u00ed como interrumpir, desactivar o cancelar cualquiera\n  de los elementos integrados en \u00e9l.\n<\/p>\n<p>\n  El acceso al Sitio Web es libre y gratuito, sin perjuicio del coste de conexi\u00f3n contratado con\n  el proveedor del Usuario.\n<\/p>\n<p>\n  Algunos Servicios podr\u00e1n requerir registro o suscripci\u00f3n previa.\n<\/p>\n\n<h3>El Usuario<\/h3>\n<p>\n  El acceso, navegaci\u00f3n y uso del Sitio Web otorgan la condici\u00f3n de Usuario. Desde que el Usuario\n  inicia la navegaci\u00f3n, acepta todas las Condiciones aqu\u00ed establecidas, incluidas sus modificaciones\n  posteriores. Se recomienda revisar las Condiciones en cada visita al Sitio Web.\n<\/p>\n<p>El Usuario se compromete a utilizar correctamente el Sitio Web, extendi\u00e9ndose esta responsabilidad a:<\/p>\n<ul>\n  <li>\n    No utilizar informaci\u00f3n, Contenidos o Servicios de forma contraria a la Ley, las presentes Condiciones,\n    la moral o el orden p\u00fablico, ni que lesionen derechos de terceros o afecten al funcionamiento del Sitio Web.\n  <\/li>\n  <li>\n    Garantizar la veracidad y licitud de los datos aportados en formularios o canales de contacto.\n    El Usuario notificar\u00e1 inmediatamente cualquier uso indebido, como robo, p\u00e9rdida o acceso no autorizado\n    a identificadores o contrase\u00f1as.\n  <\/li>\n<\/ul>\n<p>\n  Nicholas Thomas CROSS podr\u00e1 retirar comentarios o aportaciones que vulneren la ley, la dignidad humana,\n  sean discriminatorios, xen\u00f3fobos, racistas, pornogr\u00e1ficos, spam, o que afecten a menores, la seguridad p\u00fablica\n  o resulten inapropiados.\n<\/p>\n<p>\n  El mero acceso al Sitio Web no implica relaci\u00f3n comercial entre Nicholas Thomas CROSS y el Usuario.\n<\/p>\n<p>\n  El Usuario declara ser mayor de edad y contar con capacidad jur\u00eddica suficiente. Este Sitio Web\n  no est\u00e1 dirigido a menores de edad.\n<\/p>\n<p>\n  El Sitio Web est\u00e1 destinado a Usuarios residentes en Espa\u00f1a. Si alguien accede desde otro pa\u00eds,\n  ser\u00e1 bajo su propia responsabilidad y deber\u00e1 asegurarse de cumplir la normativa aplicable.\n<\/p>\n\n<h3>III. ACCESO Y NAVEGACI\u00d3N EN EL SITIO WEB: EXCLUSI\u00d3N DE GARANT\u00cdAS Y RESPONSABILIDAD<\/h3>\n<p>\n  Nicholas Thomas CROSS no garantiza la continuidad ni disponibilidad del Sitio Web. Aunque realizar\u00e1\n  actuaciones encaminadas a su correcto funcionamiento, no garantiza ausencia de errores o interrupciones.\n<\/p>\n<p>\n  Tampoco garantiza que los contenidos o software del Sitio Web est\u00e9n libres de errores o puedan causar\n  da\u00f1os en los sistemas del Usuario (hardware o software).\n<\/p>\n<p>\n  En ning\u00fan caso ser\u00e1 responsable por p\u00e9rdidas o da\u00f1os derivados del acceso o uso del Sitio Web,\n  incluyendo da\u00f1os por virus, fallos de telecomunicaciones o usos inadecuados por parte del Usuario.\n<\/p>\n\n<p><em>\u00daltima modificaci\u00f3n: 24 de enero de 2024.<\/em><\/p>\n<\/div>\n\t\t\t\t\t\t<\/div>\n\t\t\t\t\t<\/div>\n\t\t\t\t<\/div>\n\t\t\t\t<\/div>","protected":false},"excerpt":{"rendered":"<p>I. INFORMACI\u00d3N GENERAL En cumplimiento con el deber de informaci\u00f3n dispuesto en la Ley 34\/2002 de Servicios de la Sociedad de la Informaci\u00f3n y el Comercio Electr\u00f3nico (LSSI-CE) , se facilitan a continuaci\u00f3n los siguientes datos de informaci\u00f3n general de este sitio web: La titularidad de este sitio web (en adelante, Sitio Web) la ostenta: [&hellip;]<\/p>","protected":false},"author":1,"featured_media":0,"parent":0,"menu_order":0,"comment_status":"closed","ping_status":"closed","template":"","meta":{"_acf_changed":false,"footnotes":""},"class_list":["post-772","page","type-page","status-publish","hentry"],"acf":[],"_links":{"self":[{"href":"https:\/\/nickcross.es\/en\/wp-json\/wp\/v2\/pages\/772","targetHints":{"allow":["GET"]}}],"collection":[{"href":"https:\/\/nickcross.es\/en\/wp-json\/wp\/v2\/pages"}],"about":[{"href":"https:\/\/nickcross.es\/en\/wp-json\/wp\/v2\/types\/page"}],"author":[{"embeddable":true,"href":"https:\/\/nickcross.es\/en\/wp-json\/wp\/v2\/users\/1"}],"replies":[{"embeddable":true,"href":"https:\/\/nickcross.es\/en\/wp-json\/wp\/v2\/comments?post=772"}],"version-history":[{"count":4,"href":"https:\/\/nickcross.es\/en\/wp-json\/wp\/v2\/pages\/772\/revisions"}],"predecessor-version":[{"id":781,"href":"https:\/\/nickcross.es\/en\/wp-json\/wp\/v2\/pages\/772\/revisions\/781"}],"wp:attachment":[{"href":"https:\/\/nickcross.es\/en\/wp-json\/wp\/v2\/media?parent=772"}],"curies":[{"name":"wp","href":"https:\/\/api.w.org\/{rel}","templated":true}]}}