{"id":771,"date":"2025-11-16T19:56:42","date_gmt":"2025-11-16T18:56:42","guid":{"rendered":"https:\/\/nickcross.es\/?page_id=771"},"modified":"2025-11-16T21:39:54","modified_gmt":"2025-11-16T20:39:54","slug":"politica-de-privacidad","status":"publish","type":"page","link":"https:\/\/nickcross.es\/en\/politica-de-privacidad\/","title":{"rendered":"Privacy Policy"},"content":{"rendered":"<div data-elementor-type=\"wp-page\" data-elementor-id=\"771\" class=\"elementor elementor-771\" data-elementor-post-type=\"page\">\n\t\t\t\t<div class=\"elementor-element elementor-element-663a109e e-flex e-con-boxed e-con e-parent\" data-id=\"663a109e\" data-element_type=\"container\" data-settings=\"{&quot;jet_parallax_layout_list&quot;:[]}\">\n\t\t\t\t\t<div class=\"e-con-inner\">\n\t\t\t\t<div class=\"elementor-element elementor-element-512f8c5a elementor-widget elementor-widget-shortcode\" data-id=\"512f8c5a\" data-element_type=\"widget\" data-widget_type=\"shortcode.default\">\n\t\t\t\t\t\t\t<div class=\"elementor-shortcode\"><p>\nRespetando lo establecido en la legislaci\u00f3n vigente, \n<strong>Nicholas Thomas CROSS (Consulta de Psicologia Sanit\u00e0ria)<\/strong> \nse compromete a adoptar las medidas t\u00e9cnicas y organizativas necesarias, seg\u00fan el nivel de seguridad adecuado al riesgo de los datos recogidos.\n<\/p>\n\n<h3>Leyes que incorpora esta pol\u00edtica de privacidad<\/h3>\n<p>\nEsta pol\u00edtica de privacidad est\u00e1 adaptada a la normativa espa\u00f1ola y europea vigente en materia de protecci\u00f3n de datos personales en internet. En concreto, respeta las siguientes normas:\n<\/p>\n<ul>\n  <li>Reglamento (UE) 2016\/679 del Parlamento Europeo y del Consejo, de 27 de abril de 2016 (RGPD).<\/li>\n  <li>Ley Org\u00e1nica 3\/2018, de 5 de diciembre, de Protecci\u00f3n de Datos Personales y garant\u00eda de los derechos digitales (LOPD-GDD).<\/li>\n  <li>Real Decreto 1720\/2007, de 21 de diciembre (RDLOPD).<\/li>\n  <li>Ley 34\/2002, de 11 de julio, de Servicios de la Sociedad de la Informaci\u00f3n y de Comercio Electr\u00f3nico (LSSI-CE).<\/li>\n<\/ul>\n\n<h3>Identidad del responsable del tratamiento<\/h3>\n<p>\nEl responsable del tratamiento de los datos personales recogidos en este Sitio Web es:\n<strong>Nicholas Thomas CROSS (Consulta de Psicologia Sanit\u00e0ria)<\/strong>,\ncon NIF <strong>X0917127W<\/strong>.\n<\/p>\n<ul>\n  <li>Direcci\u00f3n: Pla\u00e7a Gal\u00b7la Plac\u00eddia 8-10, 4\u00ba 2\u00aa, 08006 Barcelona<\/li>\n  <li>Email: <a href=\"mailto:info@nick.cross\">info@nick.cross<\/a><\/li>\n<\/ul>\n\n<h3>Registro de Datos de Car\u00e1cter Personal<\/h3>\n<p>\nLos datos personales recabados mediante los formularios de este Sitio Web ser\u00e1n incorporados y tratados con el fin de facilitar, agilizar y cumplir los compromisos establecidos entre el Usuario y\n<strong>Nicholas Thomas CROSS<\/strong>, o para atender solicitudes y consultas.\n<\/p>\n<p>\nAsimismo, se mantiene un registro de actividades de tratamiento seg\u00fan lo previsto en el RGPD y la LOPD-GDD.\n<\/p>\n\n<h3>Principios aplicables al tratamiento de los datos personales<\/h3>\n<p>El tratamiento de datos personales se somete a los principios recogidos en el art\u00edculo 5 del RGPD:<\/p>\n<ul>\n  <li><strong>Licitud, lealtad y transparencia:<\/strong> consentimiento informado y transparente.<\/li>\n  <li><strong>Limitaci\u00f3n de la finalidad:<\/strong> datos recogidos con fines leg\u00edtimos y espec\u00edficos.<\/li>\n  <li><strong>Minimizaci\u00f3n de datos:<\/strong> solo los estrictamente necesarios.<\/li>\n  <li><strong>Exactitud:<\/strong> datos actualizados y exactos.<\/li>\n  <li><strong>Limitaci\u00f3n del plazo de conservaci\u00f3n:<\/strong> solo durante el tiempo necesario.<\/li>\n  <li><strong>Integridad y confidencialidad:<\/strong> tratamiento seguro y protegido.<\/li>\n  <li><strong>Responsabilidad proactiva:<\/strong> cumplimiento garantizado por el Responsable.<\/li>\n<\/ul>\n\n<h3>Categor\u00edas de datos personales<\/h3>\n<p>\nEste Sitio Web solo trata datos identificativos. No se tratan categor\u00edas especiales de datos (art. 9 RGPD).\n<\/p>\n\n<h3>Base legal para el tratamiento<\/h3>\n<p>\nLa base legal es el consentimiento expreso del Usuario. Este puede ser retirado en cualquier momento de forma tan sencilla como fue otorgado.\n<\/p>\n\n<h3>Finalidades del tratamiento<\/h3>\n<p>\nLos datos personales se recogen para:\n<\/p>\n<ul>\n  <li>Facilitar, agilizar y cumplir los compromisos entre Usuario y el Sitio Web.<\/li>\n  <li>Atender solicitudes o consultas.<\/li>\n  <li>Uso comercial, estad\u00edstico y operativo del Sitio Web.<\/li>\n  <li>Mejorar la calidad, funcionamiento y navegaci\u00f3n.<\/li>\n<\/ul>\n\n<h3>Per\u00edodo de conservaci\u00f3n<\/h3>\n<p>\nLos datos personales se conservar\u00e1n durante el tiempo m\u00ednimo necesario, y en todo caso:\n<strong>10 a\u00f1os, o hasta que el Usuario solicite su supresi\u00f3n.<\/strong>\n<\/p>\n\n<h3>Datos personales de menores de edad<\/h3>\n<p>\nSolo podr\u00e1n consentir los mayores de 14 a\u00f1os. Para menores, es necesario consentimiento de padres o tutores.\n<\/p>\n\n<h3>Secreto y seguridad de los datos personales<\/h3>\n<p>\n<strong>Nicholas Thomas CROSS<\/strong> adopta medidas t\u00e9cnicas y organizativas para garantizar la seguridad de los datos y evitar accesos no autorizados.\n<\/p>\n<p>\nEl Sitio Web dispone de certificado SSL para comunicaciones cifradas.\n<\/p>\n<p>\nEn caso de violaci\u00f3n de seguridad que implique riesgo para los derechos del Usuario, se informar\u00e1 sin dilaci\u00f3n indebida.\n<\/p>\n\n<h3>Derechos derivados del tratamiento<\/h3>\n<p>El Usuario puede ejercer los siguientes derechos:<\/p>\n<ul>\n  <li><strong>Acceso<\/strong><\/li>\n  <li><strong>Rectificaci\u00f3n<\/strong><\/li>\n  <li><strong>Supresi\u00f3n (derecho al olvido)<\/strong><\/li>\n  <li><strong>Limitaci\u00f3n del tratamiento<\/strong><\/li>\n  <li><strong>Portabilidad<\/strong><\/li>\n  <li><strong>Oposici\u00f3n<\/strong><\/li>\n  <li><strong>Decisiones automatizadas y elaboraci\u00f3n de perfiles<\/strong><\/li>\n<\/ul>\n\n<p>Los derechos se ejercer\u00e1n mediante escrito dirigido a:<\/p>\n<ul>\n  <li>Direcci\u00f3n: Pla\u00e7a Gal\u00b7la Plac\u00eddia 8-10, 4\u00ba 2\u00aa, 08006 Barcelona<\/li>\n  <li>Email: <a href=\"mailto:info@nick.cross\">info@nick.cross<\/a><\/li>\n<\/ul>\n\n<h3>Enlaces a sitios web de terceros<\/h3>\n<p>\nEste Sitio Web puede incluir enlaces a sitios de terceros. Cada uno ser\u00e1 responsable de sus propias pol\u00edticas de privacidad.\n<\/p>\n\n<h3>Reclamaciones ante la autoridad de control<\/h3>\n<p>\nSi el Usuario considera que sus datos est\u00e1n siendo tratados de forma indebida, puede presentar una reclamaci\u00f3n ante la Agencia Espa\u00f1ola de Protecci\u00f3n de Datos:\n<a href=\"https:\/\/www.aepd.es\" target=\"_blank\" rel=\"noopener\">www.aepd.es<\/a>\n<\/p>\n\n<h3>Aceptaci\u00f3n y cambios en esta pol\u00edtica de privacidad<\/h3>\n<p>\nEl uso del Sitio Web implica la aceptaci\u00f3n de esta Pol\u00edtica de Privacidad. \n<strong>Nicholas Thomas CROSS<\/strong> podr\u00e1 modificarla seg\u00fan cambios legislativos o criterios de la AEPD.\n<\/p>\n<p>\n\u00daltima modificaci\u00f3n: <strong>24 de enero de 2024<\/strong>.\n<\/p>\n<\/div>\n\t\t\t\t\t\t<\/div>\n\t\t\t\t\t<\/div>\n\t\t\t\t<\/div>\n\t\t\t\t<\/div>","protected":false},"excerpt":{"rendered":"<p>Respetando lo establecido en la legislaci\u00f3n vigente, Nicholas Thomas CROSS (Consulta de Psicologia Sanit\u00e0ria) se compromete a adoptar las medidas t\u00e9cnicas y organizativas necesarias, seg\u00fan el nivel de seguridad adecuado al riesgo de los datos recogidos. Leyes que incorpora esta pol\u00edtica de privacidad Esta pol\u00edtica de privacidad est\u00e1 adaptada a la normativa espa\u00f1ola y europea [&hellip;]<\/p>","protected":false},"author":1,"featured_media":0,"parent":0,"menu_order":0,"comment_status":"closed","ping_status":"closed","template":"","meta":{"_acf_changed":false,"footnotes":""},"class_list":["post-771","page","type-page","status-publish","hentry"],"acf":[],"_links":{"self":[{"href":"https:\/\/nickcross.es\/en\/wp-json\/wp\/v2\/pages\/771","targetHints":{"allow":["GET"]}}],"collection":[{"href":"https:\/\/nickcross.es\/en\/wp-json\/wp\/v2\/pages"}],"about":[{"href":"https:\/\/nickcross.es\/en\/wp-json\/wp\/v2\/types\/page"}],"author":[{"embeddable":true,"href":"https:\/\/nickcross.es\/en\/wp-json\/wp\/v2\/users\/1"}],"replies":[{"embeddable":true,"href":"https:\/\/nickcross.es\/en\/wp-json\/wp\/v2\/comments?post=771"}],"version-history":[{"count":10,"href":"https:\/\/nickcross.es\/en\/wp-json\/wp\/v2\/pages\/771\/revisions"}],"predecessor-version":[{"id":790,"href":"https:\/\/nickcross.es\/en\/wp-json\/wp\/v2\/pages\/771\/revisions\/790"}],"wp:attachment":[{"href":"https:\/\/nickcross.es\/en\/wp-json\/wp\/v2\/media?parent=771"}],"curies":[{"name":"wp","href":"https:\/\/api.w.org\/{rel}","templated":true}]}}