{"id":763,"date":"2025-11-15T23:39:48","date_gmt":"2025-11-15T22:39:48","guid":{"rendered":"https:\/\/nickcross.es\/politica-de-cookies-ue\/"},"modified":"2025-11-16T21:47:56","modified_gmt":"2025-11-16T20:47:56","slug":"politica-de-cookies","status":"publish","type":"page","link":"https:\/\/nickcross.es\/en\/politica-de-cookies\/","title":{"rendered":"Cookie Policy"},"content":{"rendered":"<div data-elementor-type=\"wp-page\" data-elementor-id=\"763\" class=\"elementor elementor-763\" data-elementor-post-type=\"page\">\n\t\t\t\t<div class=\"elementor-element elementor-element-5bfd3bb e-flex e-con-boxed e-con e-parent\" data-id=\"5bfd3bb\" data-element_type=\"container\" data-settings=\"{&quot;jet_parallax_layout_list&quot;:[]}\">\n\t\t\t\t\t<div class=\"e-con-inner\">\n\t\t\t\t<div class=\"elementor-element elementor-element-38be74b elementor-widget elementor-widget-shortcode\" data-id=\"38be74b\" data-element_type=\"widget\" data-widget_type=\"shortcode.default\">\n\t\t\t\t\t\t\t<div class=\"elementor-shortcode\"><p>\nEl acceso a este Sitio Web puede implicar la utilizaci\u00f3n de cookies. Las cookies son peque\u00f1as cantidades de informaci\u00f3n que se almacenan en el navegador utilizado por cada Usuario \u2014en los distintos dispositivos que pueda utilizar para navegar\u2014 para que el servidor recuerde cierta informaci\u00f3n que posteriormente y \u00fanicamente el servidor que la implement\u00f3 leer\u00e1. Las cookies facilitan la navegaci\u00f3n, la hacen m\u00e1s amigable, y no da\u00f1an el dispositivo de navegaci\u00f3n.\n<\/p>\n<p>\nLas cookies son procedimientos autom\u00e1ticos de recogida de informaci\u00f3n relativa a las preferencias determinadas por el Usuario durante su visita al Sitio Web con el fin de reconocerlo como Usuario, personalizar su experiencia y el uso del Sitio Web, y pueden tambi\u00e9n, por ejemplo, ayudar a identificar y resolver errores.\n<\/p>\n<p>\nLa informaci\u00f3n recabada a trav\u00e9s de las cookies puede incluir la fecha y hora de visitas al Sitio Web, las p\u00e1ginas visionadas, el tiempo que ha estado en el Sitio Web y los sitios visitados justo antes y despu\u00e9s del mismo. Sin embargo, ninguna cookie permite contactar con el n\u00famero de tel\u00e9fono del Usuario o con cualquier otro medio de contacto personal. Ninguna cookie puede extraer informaci\u00f3n del disco duro del Usuario ni robar informaci\u00f3n personal. La \u00fanica manera de que la informaci\u00f3n privada del Usuario forme parte del archivo cookie es que el propio Usuario haya facilitado dicha informaci\u00f3n al servidor.\n<\/p>\n<p>\nLas cookies que permiten identificar a una persona se consideran datos personales. Por tanto, a las mismas les ser\u00e1 de aplicaci\u00f3n la Pol\u00edtica de Privacidad anteriormente descrita. En este sentido, para la utilizaci\u00f3n de las mismas ser\u00e1 necesario el consentimiento del Usuario. Este consentimiento ser\u00e1 comunicado mediante una decisi\u00f3n afirmativa y positiva, antes del tratamiento inicial, removible y documentado.\n<\/p>\n\n<h3>Cookies propias<\/h3>\n<p>\nSon aquellas cookies que son enviadas al ordenador o dispositivo del Usuario y gestionadas exclusivamente por \n<strong>Nicholas Thomas CROSS (Consulta de Psicologia Sanit\u00e0ria)<\/strong>\npara el mejor funcionamiento del Sitio Web. La informaci\u00f3n que se recaba se emplea para mejorar la calidad del Sitio Web, su contenido y la experiencia del Usuario. Estas cookies permiten reconocer al Usuario como visitante recurrente del Sitio Web y adaptar el contenido a sus preferencias.\n<\/p>\n\n<h3>Cookies de terceros<\/h3>\n<p>\nSon cookies utilizadas y gestionadas por entidades externas que proporcionan a \n<strong>Nicholas Thomas CROSS<\/strong>\nservicios solicitados por este mismo para mejorar el Sitio Web y la experiencia del Usuario al navegar en el mismo. Los principales objetivos para los que se utilizan cookies de terceros son la obtenci\u00f3n de estad\u00edsticas de accesos y el an\u00e1lisis de la informaci\u00f3n de navegaci\u00f3n, es decir, c\u00f3mo interact\u00faa el Usuario con el Sitio Web.\n<\/p>\n<p>\nLa informaci\u00f3n que se obtiene se refiere, por ejemplo, al n\u00famero de p\u00e1ginas visitadas, el idioma, el lugar desde el que se accede seg\u00fan la direcci\u00f3n IP, el n\u00famero de Usuarios que acceden, la frecuencia y reincidencia de las visitas, el tiempo de visita, el navegador utilizado, el operador o tipo de dispositivo desde el que se realiza la visita. Esta informaci\u00f3n se utiliza para mejorar el Sitio Web y detectar nuevas necesidades, con el fin de ofrecer a los Usuarios contenidos y\/o servicios de \u00f3ptima calidad. En todo caso, la informaci\u00f3n se recopila de forma an\u00f3nima y se elaboran informes de tendencias del Sitio Web sin identificar a usuarios individuales.\n<\/p>\n<p>\nPuede obtener m\u00e1s informaci\u00f3n sobre las cookies, la privacidad o consultar la descripci\u00f3n del tipo de cookies utilizadas, sus principales caracter\u00edsticas y periodo de expiraci\u00f3n en el siguiente enlace:\n<\/p>\n<ul>\n  <li>\n    Google Analytics:\n    <a href=\"https:\/\/developers.google.com\/analytics?hl=es\" target=\"_blank\" rel=\"noopener\">\n      https:\/\/developers.google.com\/analytics?hl=es\n    <\/a>\n  <\/li>\n<\/ul>\n<p>\nLa entidad encargada del suministro de cookies podr\u00e1 ceder esta informaci\u00f3n a terceros cuando lo exija la ley o cuando un tercero procese esta informaci\u00f3n para dicha entidad.\n<\/p>\n\n<h3>Cookies de redes sociales<\/h3>\n<p>\nEste Sitio Web puede incorporar plugins de redes sociales, que permiten acceder a las mismas a partir del propio Sitio Web. Por esta raz\u00f3n, las cookies de redes sociales pueden almacenarse en el navegador del Usuario. Los titulares de dichas redes sociales disponen de sus propias pol\u00edticas de protecci\u00f3n de datos y de cookies, siendo ellos mismos, en cada caso, responsables de sus propios ficheros y de sus propias pr\u00e1cticas de privacidad. El Usuario debe referirse a las mismas para informarse acerca de dichas cookies y, en su caso, del tratamiento de sus datos personales.\n<\/p>\n<p>A t\u00edtulo informativo, se indican los enlaces donde pueden consultarse estas pol\u00edticas:<\/p>\n<ul>\n  <li>Facebook: <a href=\"https:\/\/www.facebook.com\/policies\/cookies\/\" target=\"_blank\" rel=\"noopener\">https:\/\/www.facebook.com\/policies\/cookies\/<\/a><\/li>\n  <li>Twitter: <a href=\"https:\/\/twitter.com\/es\/privacy\" target=\"_blank\" rel=\"noopener\">https:\/\/twitter.com\/es\/privacy<\/a><\/li>\n  <li>Instagram: <a href=\"https:\/\/help.instagram.com\/1896641480634370?ref=ig\" target=\"_blank\" rel=\"noopener\">https:\/\/help.instagram.com\/1896641480634370?ref=ig<\/a><\/li>\n  <li>YouTube: <a href=\"https:\/\/policies.google.com\/privacy?hl=es-419&amp;gl=mx\" target=\"_blank\" rel=\"noopener\">https:\/\/policies.google.com\/privacy?hl=es-419&amp;gl=mx<\/a><\/li>\n  <li>Google+: <a href=\"https:\/\/policies.google.com\/technologies\/cookies?hl=es\" target=\"_blank\" rel=\"noopener\">https:\/\/policies.google.com\/technologies\/cookies?hl=es<\/a><\/li>\n  <li>Pinterest: <a href=\"https:\/\/policy.pinterest.com\/es\/privacy-policy\" target=\"_blank\" rel=\"noopener\">https:\/\/policy.pinterest.com\/es\/privacy-policy<\/a><\/li>\n  <li>LinkedIn: <a href=\"https:\/\/www.linkedin.com\/legal\/cookie-policy\" target=\"_blank\" rel=\"noopener\">https:\/\/www.linkedin.com\/legal\/cookie-policy<\/a><\/li>\n<\/ul>\n\n<h3>Deshabilitar, rechazar y eliminar cookies<\/h3>\n<p>\nEl Usuario puede deshabilitar, rechazar y eliminar las cookies \u2014total o parcialmente\u2014 instaladas en su dispositivo mediante la configuraci\u00f3n del navegador (por ejemplo, Chrome, Firefox, Safari, Edge). Los procedimientos para rechazar y eliminar las cookies pueden diferir de un navegador a otro, por lo que el Usuario debe consultar las instrucciones del navegador que utilice.\n<\/p>\n<p>\nEn el supuesto de que rechace el uso de cookies \u2014total o parcialmente\u2014 podr\u00e1 seguir usando el Sitio Web, si bien algunas funcionalidades pueden verse limitadas.\n<\/p>\n\n<h3>Cambios en la Pol\u00edtica de Cookies<\/h3>\n<p>\nEs posible que la Pol\u00edtica de Cookies del Sitio Web cambie o se actualice, por lo que se recomienda al Usuario revisar esta pol\u00edtica cada vez que acceda al Sitio Web, con el objetivo de estar adecuadamente informado sobre c\u00f3mo y para qu\u00e9 usamos las cookies.\n<\/p>\n\n<h3>Pol\u00edtica de enlaces<\/h3>\n<p>\nSe informa que el Sitio Web de \n<strong>Nicholas Thomas CROSS (Consulta de Psicologia Sanit\u00e0ria)<\/strong> \npone o puede poner a disposici\u00f3n de los Usuarios medios de enlace (links, banners, botones), directorios y motores de b\u00fasqueda que permiten acceder a sitios web pertenecientes y\/o gestionados por terceros.\n<\/p>\n<p>\nLa instalaci\u00f3n de estos enlaces, directorios y motores de b\u00fasqueda tiene por objeto facilitar a los Usuarios la b\u00fasqueda y acceso a informaci\u00f3n disponible en Internet, sin que pueda considerarse una sugerencia, recomendaci\u00f3n o invitaci\u00f3n para visitarlos.\n<\/p>\n<p>\n<strong>Nicholas Thomas CROSS<\/strong> no ofrece ni comercializa por s\u00ed ni por medio de terceros los productos y\/o servicios disponibles en dichos sitios enlazados.\n<\/p>\n<p>\nAsimismo, tampoco garantiza la disponibilidad t\u00e9cnica, exactitud, veracidad, validez o legalidad de sitios ajenos a su propiedad a los que se pueda acceder por medio de los enlaces.\n<\/p>\n<p>\n<strong>Nicholas Thomas CROSS<\/strong> no revisa ni controla el contenido de otros sitios web, ni aprueba, examina o hace propios los productos, servicios, contenidos, archivos o cualquier otro material existente en los mencionados sitios enlazados.\n<\/p>\n<p>\n<strong>Nicholas Thomas CROSS<\/strong> no asume ninguna responsabilidad por los da\u00f1os y perjuicios que pudieran producirse por el acceso, uso, calidad o licitud de los contenidos, comunicaciones, opiniones, productos y servicios de los sitios web no gestionados por \u00e9l y enlazados en este Sitio Web.\n<\/p>\n<p>\nEl Usuario o tercero que realice un hiperv\u00ednculo desde una p\u00e1gina web de otro sitio al Sitio Web de \n<strong>Nicholas Thomas CROSS<\/strong> \ndeber\u00e1 saber que:\n<\/p>\n<ul>\n  <li>No se permite la reproducci\u00f3n \u2014total o parcial\u2014 de ninguno de los contenidos y\/o servicios del Sitio Web sin autorizaci\u00f3n expresa y por escrito.<\/li>\n  <li>No se permite ninguna manifestaci\u00f3n falsa, inexacta o incorrecta sobre el Sitio Web ni sobre sus contenidos y\/o servicios.<\/li>\n  <li>Salvo el propio hiperv\u00ednculo, el sitio web en el que se establezca dicho enlace no contendr\u00e1 ning\u00fan elemento protegido del Sitio Web como propiedad intelectual sin autorizaci\u00f3n expresa.<\/li>\n<\/ul>\n<p>\nEl establecimiento del hiperv\u00ednculo no implicar\u00e1 la existencia de relaciones entre \n<strong>Nicholas Thomas CROSS<\/strong> \ny el titular del sitio web desde el cual se realice, ni el conocimiento y aceptaci\u00f3n por parte de \n<strong>Nicholas Thomas CROSS<\/strong> \nde los contenidos, servicios y\/o actividades ofrecidos en dicho sitio web, y viceversa.\n<\/p>\n\n<h3>Propiedad intelectual e industrial<\/h3>\n<p>\n<strong>Nicholas Thomas CROSS<\/strong>, por s\u00ed o como cesionario, es titular de todos los derechos de propiedad intelectual e industrial del Sitio Web, as\u00ed como de los elementos contenidos en el mismo (a t\u00edtulo enunciativo y no exhaustivo, im\u00e1genes, sonido, audio, v\u00eddeo, software, textos, marcas o logotipos, combinaciones de colores, estructura y dise\u00f1o, selecci\u00f3n de materiales usados, programas de ordenador necesarios para su funcionamiento, acceso y uso, etc.). \n<\/p>\n<p>\nQuedan expresamente prohibidas la reproducci\u00f3n, distribuci\u00f3n y comunicaci\u00f3n p\u00fablica, incluida su modalidad de puesta a disposici\u00f3n, de la totalidad o parte de los contenidos de esta p\u00e1gina web, con fines comerciales, en cualquier soporte y por cualquier medio t\u00e9cnico, sin la autorizaci\u00f3n previa y por escrito de \n<strong>Nicholas Thomas CROSS<\/strong>.\n<\/p>\n<p>\nEl Usuario se compromete a respetar los derechos de propiedad intelectual e industrial de \n<strong>Nicholas Thomas CROSS<\/strong>. Podr\u00e1 visualizar los elementos del Sitio Web e incluso imprimirlos, copiarlos y almacenarlos en el disco duro de su ordenador o en cualquier otro soporte f\u00edsico siempre que sea, exclusivamente, para su uso personal y privado. El Usuario no podr\u00e1 suprimir, alterar o manipular cualquier dispositivo de protecci\u00f3n o sistema de seguridad instalado en el Sitio Web.\n<\/p>\n<p>\nEn caso de que el Usuario o un tercero considere que cualquiera de los contenidos del Sitio Web suponga una violaci\u00f3n de los derechos de propiedad intelectual, deber\u00e1 comunicarlo inmediatamente a \n<strong>Nicholas Thomas CROSS<\/strong> \na trav\u00e9s de los datos de contacto indicados en el apartado de Informaci\u00f3n General del Aviso Legal.\n<\/p>\n\n<h3>Acciones legales, legislaci\u00f3n aplicable y jurisdicci\u00f3n<\/h3>\n<p>\n<strong>Nicholas Thomas CROSS<\/strong> se reserva la facultad de ejercitar las acciones civiles o penales que considere necesarias por la utilizaci\u00f3n indebida del Sitio Web y sus contenidos, o por el incumplimiento de las presentes Condiciones.\n<\/p>\n<p>\nLa relaci\u00f3n entre el Usuario y \n<strong>Nicholas Thomas CROSS<\/strong> \nse regir\u00e1 por la normativa vigente y de aplicaci\u00f3n en el territorio espa\u00f1ol. Las partes se someter\u00e1n a la jurisdicci\u00f3n de los juzgados y tribunales que correspondan conforme a derecho.\n<\/p>\n\n<p><em>\u00daltima modificaci\u00f3n: 27 de septiembre de 2025.<\/em><\/p>\n<\/div>\n\t\t\t\t\t\t<\/div>\n\t\t\t\t\t<\/div>\n\t\t\t\t<\/div>\n\t\t\t\t<\/div>","protected":false},"excerpt":{"rendered":"<p>El acceso a este Sitio Web puede implicar la utilizaci\u00f3n de cookies. Las cookies son peque\u00f1as cantidades de informaci\u00f3n que se almacenan en el navegador utilizado por cada Usuario \u2014en los distintos dispositivos que pueda utilizar para navegar\u2014 para que el servidor recuerde cierta informaci\u00f3n que posteriormente y \u00fanicamente el servidor que la implement\u00f3 leer\u00e1. [&hellip;]<\/p>","protected":false},"author":1,"featured_media":0,"parent":0,"menu_order":0,"comment_status":"closed","ping_status":"closed","template":"","meta":{"_acf_changed":false,"footnotes":""},"class_list":["post-763","page","type-page","status-publish","hentry"],"acf":[],"_links":{"self":[{"href":"https:\/\/nickcross.es\/en\/wp-json\/wp\/v2\/pages\/763","targetHints":{"allow":["GET"]}}],"collection":[{"href":"https:\/\/nickcross.es\/en\/wp-json\/wp\/v2\/pages"}],"about":[{"href":"https:\/\/nickcross.es\/en\/wp-json\/wp\/v2\/types\/page"}],"author":[{"embeddable":true,"href":"https:\/\/nickcross.es\/en\/wp-json\/wp\/v2\/users\/1"}],"replies":[{"embeddable":true,"href":"https:\/\/nickcross.es\/en\/wp-json\/wp\/v2\/comments?post=763"}],"version-history":[{"count":7,"href":"https:\/\/nickcross.es\/en\/wp-json\/wp\/v2\/pages\/763\/revisions"}],"predecessor-version":[{"id":796,"href":"https:\/\/nickcross.es\/en\/wp-json\/wp\/v2\/pages\/763\/revisions\/796"}],"wp:attachment":[{"href":"https:\/\/nickcross.es\/en\/wp-json\/wp\/v2\/media?parent=763"}],"curies":[{"name":"wp","href":"https:\/\/api.w.org\/{rel}","templated":true}]}}